{"id":30,"date":"2023-08-23T17:16:16","date_gmt":"2023-08-23T15:16:16","guid":{"rendered":"https:\/\/contactcenterccs.hn\/?page_id=30"},"modified":"2024-09-18T16:14:16","modified_gmt":"2024-09-18T14:14:16","slug":"rse-actividades","status":"publish","type":"page","link":"https:\/\/contactcenterccs.hn\/en\/rse-actividades\/","title":{"rendered":"CSR Activities"},"content":{"rendered":"<div data-elementor-type=\"wp-page\" data-elementor-id=\"30\" class=\"elementor elementor-30\" data-elementor-post-type=\"page\">\n\t\t\t\t\t\t<section class=\"elementor-section elementor-top-section elementor-element elementor-element-1e677b53 elementor-section-height-min-height elementor-section-content-middle elementor-section-boxed elementor-section-height-default elementor-section-items-middle\" data-id=\"1e677b53\" data-element_type=\"section\" data-e-type=\"section\" data-settings=\"{&quot;background_background&quot;:&quot;video&quot;,&quot;background_video_link&quot;:&quot;https:\\\/\\\/www.youtube.com\\\/watch?v=ZcBw06UbAws&quot;}\">\n\t\t\t\t\t\t\t\t<div class=\"elementor-background-video-container elementor-hidden-mobile\">\n\t\t\t\t\t\t\t\t\t\t\t\t\t<div class=\"elementor-background-video-embed\" role=\"presentation\"><\/div>\n\t\t\t\t\t\t\t\t\t\t\t\t<\/div>\n\t\t\t\t\t\t\t\t\t<div class=\"elementor-background-overlay\"><\/div>\n\t\t\t\t\t\t\t<div class=\"elementor-container elementor-column-gap-wider\">\n\t\t\t\t\t<div class=\"elementor-column elementor-col-100 elementor-top-column elementor-element elementor-element-46875bb1\" data-id=\"46875bb1\" data-element_type=\"column\" data-e-type=\"column\">\n\t\t\t<div class=\"elementor-widget-wrap elementor-element-populated\">\n\t\t\t\t\t\t<div class=\"elementor-element elementor-element-32af2aef elementor-widget elementor-widget-heading\" data-id=\"32af2aef\" data-element_type=\"widget\" data-e-type=\"widget\" data-widget_type=\"heading.default\">\n\t\t\t\t<div class=\"elementor-widget-container\">\n\t\t\t\t\t<h1 class=\"elementor-heading-title elementor-size-default\">Corporate Social Responsibility<\/h1>\t\t\t\t<\/div>\n\t\t\t\t<\/div>\n\t\t\t\t<div class=\"elementor-element elementor-element-4fdde589 elementor-widget-divider--view-line elementor-widget elementor-widget-divider\" data-id=\"4fdde589\" data-element_type=\"widget\" data-e-type=\"widget\" data-widget_type=\"divider.default\">\n\t\t\t\t<div class=\"elementor-widget-container\">\n\t\t\t\t\t\t\t<div class=\"elementor-divider\">\n\t\t\t<span class=\"elementor-divider-separator\">\n\t\t\t\t\t\t<\/span>\n\t\t<\/div>\n\t\t\t\t\t\t<\/div>\n\t\t\t\t<\/div>\n\t\t\t\t<div class=\"elementor-element elementor-element-4a2d1da2 elementor-widget elementor-widget-heading\" data-id=\"4a2d1da2\" data-element_type=\"widget\" data-e-type=\"widget\" data-widget_type=\"heading.default\">\n\t\t\t\t<div class=\"elementor-widget-container\">\n\t\t\t\t\t<p class=\"elementor-heading-title elementor-size-default\">CCS as a socially responsible company (CSR), we have considered the environmental impacts that we have suffered as a country, according to official data indicate that between 60,000 and 80,000 hectares of forest are affected each year by forest fires nationwide. In addition to the appearance of the bark weevil, which affected our forests.\n\n<\/p>\t\t\t\t<\/div>\n\t\t\t\t<\/div>\n\t\t\t\t<div class=\"elementor-element elementor-element-a771e4d elementor-widget elementor-widget-heading\" data-id=\"a771e4d\" data-element_type=\"widget\" data-e-type=\"widget\" data-widget_type=\"heading.default\">\n\t\t\t\t<div class=\"elementor-widget-container\">\n\t\t\t\t\t<p class=\"elementor-heading-title elementor-size-default\">Como familia CCS nos sumamos en la contribuci\u00f3n del desarrollo ambiental y social, por lo tanto a continuaci\u00f3n presentamos las diferentes proyecciones que tenemos, siendo conscientes que implementar la RSE es m\u00e1s un ente humanitario y solidario sumado de un conjunto de acciones y pr\u00e1cticas que contribuyen al mejoramiento.<\/p>\t\t\t\t<\/div>\n\t\t\t\t<\/div>\n\t\t\t\t\t<\/div>\n\t\t<\/div>\n\t\t\t\t\t<\/div>\n\t\t<\/section>\n\t\t\t\t<section class=\"elementor-section elementor-top-section elementor-element elementor-element-7d4b8c0 elementor-section-full_width elementor-section-height-default elementor-section-height-default\" data-id=\"7d4b8c0\" data-element_type=\"section\" data-e-type=\"section\" data-settings=\"{&quot;background_background&quot;:&quot;classic&quot;}\">\n\t\t\t\t\t\t<div class=\"elementor-container elementor-column-gap-no\">\n\t\t\t\t\t<div class=\"elementor-column elementor-col-100 elementor-top-column elementor-element elementor-element-7ff784c9\" data-id=\"7ff784c9\" data-element_type=\"column\" data-e-type=\"column\">\n\t\t\t<div class=\"elementor-widget-wrap elementor-element-populated\">\n\t\t\t\t\t\t<div class=\"elementor-element elementor-element-79319c2b elementor-widget elementor-widget-heading\" data-id=\"79319c2b\" data-element_type=\"widget\" data-e-type=\"widget\" data-widget_type=\"heading.default\">\n\t\t\t\t<div class=\"elementor-widget-container\">\n\t\t\t\t\t<h2 class=\"elementor-heading-title elementor-size-default\">donaci\u00f3n de Chalecos de Futbol<\/h2>\t\t\t\t<\/div>\n\t\t\t\t<\/div>\n\t\t\t\t<div class=\"elementor-element elementor-element-14be901c elementor-absolute elementor-widget elementor-widget-heading\" data-id=\"14be901c\" data-element_type=\"widget\" data-e-type=\"widget\" data-settings=\"{&quot;_position&quot;:&quot;absolute&quot;}\" data-widget_type=\"heading.default\">\n\t\t\t\t<div class=\"elementor-widget-container\">\n\t\t\t\t\t<span class=\"elementor-heading-title elementor-size-default\">ccs<\/span>\t\t\t\t<\/div>\n\t\t\t\t<\/div>\n\t\t\t\t<div class=\"elementor-element elementor-element-e378ecc elementor-widget elementor-widget-text-editor\" data-id=\"e378ecc\" data-element_type=\"widget\" data-e-type=\"widget\" data-widget_type=\"text-editor.default\">\n\t\t\t\t<div class=\"elementor-widget-container\">\n\t\t\t\t\t\t\t\t\t<div class=\"xdj266r x11i5rnm xat24cr x1mh8g0r x1vvkbs x126k92a\"><div dir=\"auto\">En CCS fomentamos la Responsabilidad Social Empresarial y parte de nuestro compromiso con la sociedad es en diferentes aspectos, la actividad f\u00edsica contribuye al desarrollo de la sociedad de las y los jovenes fomentando la autoconfianza e interacci\u00f3n social.<\/div><\/div><div class=\"x11i5rnm xat24cr x1mh8g0r x1vvkbs xtlvy1s x126k92a\"><div dir=\"auto\">Realizamos la donaci\u00f3n de chalecos para entrenamientos a la <span class=\"html-span xdj266r x11i5rnm xat24cr x1mh8g0r xexx8yu x4uap5 x18d9i69 xkhd6sd x1hl2dhg x16tdsg8 x1vvkbs\"><a class=\"x1i10hfl xjbqb8w x1ejq31n xd10rxx x1sy0etr x17r0tee x972fbf xcfux6l x1qhh985 xm0m39n x9f619 x1ypdohk xt0psk2 xe8uvvx xdj266r x11i5rnm xat24cr x1mh8g0r xexx8yu x4uap5 x18d9i69 xkhd6sd x16tdsg8 x1hl2dhg xggy1nq x1a2a7pz x1sur9pj xkrqix3 x1fey0fg xo1l8bm\" tabindex=\"0\" role=\"link\" href=\"https:\/\/www.facebook.com\/affuva.hn?__cft__[0]=AZV5R24cVhhZJ_9B5oinMg534K9D_DduJJydg8cqNDp48tWxXKRPzi1PFaWfog9C4KLLPcPDLtZ2TacGM-CXk0hag3nSEb43Wk2W3FF92pt0HBZRt5DmJhHJxqmWa_8ScwAQ1y8a8lf6HlxC7H38wpHtNPPLXaPm9wuRqsMHX9AVmPDhIW3UnyWiTvOIPKMcHoXvirrWtgcvzOcQ7vATu2_I&amp;__tn__=-]K-R\"><span class=\"xt0psk2\">Academia de F\u00fatbol y Formaci\u00f3n de Valores &#8211; AFFUVA<\/span><\/a><\/span><\/div><\/div>\t\t\t\t\t\t\t\t<\/div>\n\t\t\t\t<\/div>\n\t\t\t\t<div class=\"elementor-element elementor-element-208fd4d7 elementor-widget elementor-widget-gallery\" data-id=\"208fd4d7\" data-element_type=\"widget\" data-e-type=\"widget\" data-settings=\"{&quot;columns&quot;:&quot;3&quot;,&quot;columns_tablet&quot;:&quot;3&quot;,&quot;gap&quot;:{&quot;unit&quot;:&quot;px&quot;,&quot;size&quot;:&quot;25&quot;,&quot;sizes&quot;:[]},&quot;aspect_ratio&quot;:&quot;1:1&quot;,&quot;lazyload&quot;:&quot;yes&quot;,&quot;gallery_layout&quot;:&quot;grid&quot;,&quot;columns_mobile&quot;:1,&quot;gap_tablet&quot;:{&quot;unit&quot;:&quot;px&quot;,&quot;size&quot;:10,&quot;sizes&quot;:[]},&quot;gap_mobile&quot;:{&quot;unit&quot;:&quot;px&quot;,&quot;size&quot;:10,&quot;sizes&quot;:[]},&quot;link_to&quot;:&quot;file&quot;,&quot;overlay_background&quot;:&quot;yes&quot;,&quot;content_hover_animation&quot;:&quot;fade-in&quot;}\" data-widget_type=\"gallery.default\">\n\t\t\t\t<div class=\"elementor-widget-container\">\n\t\t\t\t\t\t\t<div class=\"elementor-gallery__container\">\n\t\t\t\t\t\t\t<a class=\"e-gallery-item elementor-gallery-item elementor-animated-content\" href=\"https:\/\/contactcenterccs.hn\/wp-content\/uploads\/2024\/09\/Imagen-de-WhatsApp-2024-09-14-a-las-08.26.59_3c017718.jpg\" data-elementor-open-lightbox=\"yes\" data-elementor-lightbox-slideshow=\"208fd4d7\" data-elementor-lightbox-title=\"Imagen de WhatsApp 2024-09-14 a las 08.26.59_3c017718\" data-e-action-hash=\"#elementor-action%3Aaction%3Dlightbox%26settings%3DeyJpZCI6MjY0MSwidXJsIjoiaHR0cHM6XC9cL2NvbnRhY3RjZW50ZXJjY3MuaG5cL3dwLWNvbnRlbnRcL3VwbG9hZHNcLzIwMjRcLzA5XC9JbWFnZW4tZGUtV2hhdHNBcHAtMjAyNC0wOS0xNC1hLWxhcy0wOC4yNi41OV8zYzAxNzcxOC5qcGciLCJzbGlkZXNob3ciOiIyMDhmZDRkNyJ9\">\n\t\t\t\t\t<div class=\"e-gallery-image elementor-gallery-item__image\" data-thumbnail=\"https:\/\/contactcenterccs.hn\/wp-content\/uploads\/2024\/09\/Imagen-de-WhatsApp-2024-09-14-a-las-08.26.59_3c017718.jpg\" data-width=\"1280\" data-height=\"960\" aria-label=\"\" role=\"img\" ><\/div>\n\t\t\t\t\t\t\t\t\t\t\t<div class=\"elementor-gallery-item__overlay\"><\/div>\n\t\t\t\t\t\t\t\t\t\t\t\t\t\t<\/a>\n\t\t\t\t\t\t\t<a class=\"e-gallery-item elementor-gallery-item elementor-animated-content\" href=\"https:\/\/contactcenterccs.hn\/wp-content\/uploads\/2024\/09\/Imagen-de-WhatsApp-2024-09-14-a-las-09.44.23_f919eb18.jpg\" data-elementor-open-lightbox=\"yes\" data-elementor-lightbox-slideshow=\"208fd4d7\" data-elementor-lightbox-title=\"Imagen de WhatsApp 2024-09-14 a las 09.44.23_f919eb18\" data-e-action-hash=\"#elementor-action%3Aaction%3Dlightbox%26settings%3DeyJpZCI6MjY0MiwidXJsIjoiaHR0cHM6XC9cL2NvbnRhY3RjZW50ZXJjY3MuaG5cL3dwLWNvbnRlbnRcL3VwbG9hZHNcLzIwMjRcLzA5XC9JbWFnZW4tZGUtV2hhdHNBcHAtMjAyNC0wOS0xNC1hLWxhcy0wOS40NC4yM19mOTE5ZWIxOC5qcGciLCJzbGlkZXNob3ciOiIyMDhmZDRkNyJ9\">\n\t\t\t\t\t<div class=\"e-gallery-image elementor-gallery-item__image\" data-thumbnail=\"https:\/\/contactcenterccs.hn\/wp-content\/uploads\/2024\/09\/Imagen-de-WhatsApp-2024-09-14-a-las-09.44.23_f919eb18.jpg\" data-width=\"1280\" data-height=\"960\" aria-label=\"\" role=\"img\" ><\/div>\n\t\t\t\t\t\t\t\t\t\t\t<div class=\"elementor-gallery-item__overlay\"><\/div>\n\t\t\t\t\t\t\t\t\t\t\t\t\t\t<\/a>\n\t\t\t\t\t\t\t<a class=\"e-gallery-item elementor-gallery-item elementor-animated-content\" href=\"https:\/\/contactcenterccs.hn\/wp-content\/uploads\/2024\/09\/Imagen-de-WhatsApp-2024-09-14-a-las-09.44.23_d311df07.jpg\" data-elementor-open-lightbox=\"yes\" data-elementor-lightbox-slideshow=\"208fd4d7\" data-elementor-lightbox-title=\"Imagen de WhatsApp 2024-09-14 a las 09.44.23_d311df07\" data-e-action-hash=\"#elementor-action%3Aaction%3Dlightbox%26settings%3DeyJpZCI6MjY0MywidXJsIjoiaHR0cHM6XC9cL2NvbnRhY3RjZW50ZXJjY3MuaG5cL3dwLWNvbnRlbnRcL3VwbG9hZHNcLzIwMjRcLzA5XC9JbWFnZW4tZGUtV2hhdHNBcHAtMjAyNC0wOS0xNC1hLWxhcy0wOS40NC4yM19kMzExZGYwNy5qcGciLCJzbGlkZXNob3ciOiIyMDhmZDRkNyJ9\">\n\t\t\t\t\t<div class=\"e-gallery-image elementor-gallery-item__image\" data-thumbnail=\"https:\/\/contactcenterccs.hn\/wp-content\/uploads\/2024\/09\/Imagen-de-WhatsApp-2024-09-14-a-las-09.44.23_d311df07.jpg\" data-width=\"1280\" data-height=\"960\" aria-label=\"\" role=\"img\" ><\/div>\n\t\t\t\t\t\t\t\t\t\t\t<div class=\"elementor-gallery-item__overlay\"><\/div>\n\t\t\t\t\t\t\t\t\t\t\t\t\t\t<\/a>\n\t\t\t\t\t<\/div>\n\t\t\t\t\t<\/div>\n\t\t\t\t<\/div>\n\t\t\t\t\t<\/div>\n\t\t<\/div>\n\t\t\t\t\t<\/div>\n\t\t<\/section>\n\t\t\t\t<section class=\"elementor-section elementor-top-section elementor-element elementor-element-396c83c3 elementor-section-content-middle elementor-section-boxed elementor-section-height-default elementor-section-height-default\" data-id=\"396c83c3\" data-element_type=\"section\" data-e-type=\"section\" data-settings=\"{&quot;shape_divider_top&quot;:&quot;tilt&quot;,&quot;background_background&quot;:&quot;slideshow&quot;,&quot;background_slideshow_gallery&quot;:[],&quot;background_slideshow_loop&quot;:&quot;yes&quot;,&quot;background_slideshow_slide_duration&quot;:5000,&quot;background_slideshow_slide_transition&quot;:&quot;fade&quot;,&quot;background_slideshow_transition_duration&quot;:500}\">\n\t\t\t\t\t<div class=\"elementor-shape elementor-shape-top\" aria-hidden=\"true\" data-negative=\"false\">\n\t\t\t<svg xmlns=\"http:\/\/www.w3.org\/2000\/svg\" viewbox=\"0 0 1000 100\" preserveaspectratio=\"none\">\n\t<path class=\"elementor-shape-fill\" d=\"M0,6V0h1000v100L0,6z\"\/>\n<\/svg>\t\t<\/div>\n\t\t\t\t\t<div class=\"elementor-container elementor-column-gap-no\">\n\t\t\t\t\t<div class=\"elementor-column elementor-col-33 elementor-top-column elementor-element elementor-element-cdbdf5e\" data-id=\"cdbdf5e\" data-element_type=\"column\" data-e-type=\"column\">\n\t\t\t<div class=\"elementor-widget-wrap elementor-element-populated\">\n\t\t\t\t\t\t<div class=\"elementor-element elementor-element-33f8e186 elementor-widget elementor-widget-text-editor\" data-id=\"33f8e186\" data-element_type=\"widget\" data-e-type=\"widget\" data-widget_type=\"text-editor.default\">\n\t\t\t\t<div class=\"elementor-widget-container\">\n\t\t\t\t\t\t\t\t\t<p>Actividad de rse<\/p>\t\t\t\t\t\t\t\t<\/div>\n\t\t\t\t<\/div>\n\t\t\t\t<div class=\"elementor-element elementor-element-560da303 elementor-widget elementor-widget-heading\" data-id=\"560da303\" data-element_type=\"widget\" data-e-type=\"widget\" data-widget_type=\"heading.default\">\n\t\t\t\t<div class=\"elementor-widget-container\">\n\t\t\t\t\t<h3 class=\"elementor-heading-title elementor-size-default\">CCS Volunteering<\/h3>\t\t\t\t<\/div>\n\t\t\t\t<\/div>\n\t\t\t\t<div class=\"elementor-element elementor-element-35f395d9 elementor-widget-divider--view-line elementor-widget elementor-widget-divider\" data-id=\"35f395d9\" data-element_type=\"widget\" data-e-type=\"widget\" data-widget_type=\"divider.default\">\n\t\t\t\t<div class=\"elementor-widget-container\">\n\t\t\t\t\t\t\t<div class=\"elementor-divider\">\n\t\t\t<span class=\"elementor-divider-separator\">\n\t\t\t\t\t\t<\/span>\n\t\t<\/div>\n\t\t\t\t\t\t<\/div>\n\t\t\t\t<\/div>\n\t\t\t\t\t<\/div>\n\t\t<\/div>\n\t\t\t\t<div class=\"elementor-column elementor-col-33 elementor-top-column elementor-element elementor-element-5ba04892\" data-id=\"5ba04892\" data-element_type=\"column\" data-e-type=\"column\">\n\t\t\t<div class=\"elementor-widget-wrap elementor-element-populated\">\n\t\t\t\t\t\t<div class=\"elementor-element elementor-element-6aa05afe elementor-widget elementor-widget-image\" data-id=\"6aa05afe\" data-element_type=\"widget\" data-e-type=\"widget\" data-widget_type=\"image.default\">\n\t\t\t\t<div class=\"elementor-widget-container\">\n\t\t\t\t\t\t\t\t\t\t\t\t\t\t\t<img fetchpriority=\"high\" decoding=\"async\" width=\"3375\" height=\"3375\" src=\"https:\/\/contactcenterccs.hn\/wp-content\/uploads\/2024\/07\/3-2.png\" class=\"elementor-animation-grow attachment-full size-full wp-image-2378\" alt=\"\" srcset=\"https:\/\/contactcenterccs.hn\/wp-content\/uploads\/2024\/07\/3-2.png 3375w, https:\/\/contactcenterccs.hn\/wp-content\/uploads\/2024\/07\/3-2-300x300.png 300w, https:\/\/contactcenterccs.hn\/wp-content\/uploads\/2024\/07\/3-2-1024x1024.png 1024w, https:\/\/contactcenterccs.hn\/wp-content\/uploads\/2024\/07\/3-2-150x150.png 150w, https:\/\/contactcenterccs.hn\/wp-content\/uploads\/2024\/07\/3-2-768x768.png 768w, https:\/\/contactcenterccs.hn\/wp-content\/uploads\/2024\/07\/3-2-1536x1536.png 1536w, https:\/\/contactcenterccs.hn\/wp-content\/uploads\/2024\/07\/3-2-2048x2048.png 2048w, https:\/\/contactcenterccs.hn\/wp-content\/uploads\/2024\/07\/3-2-12x12.png 12w\" sizes=\"(max-width: 3375px) 100vw, 3375px\" \/>\t\t\t\t\t\t\t\t\t\t\t\t\t\t\t<\/div>\n\t\t\t\t<\/div>\n\t\t\t\t<div class=\"elementor-element elementor-element-d754fab elementor-widget elementor-widget-text-editor\" data-id=\"d754fab\" data-element_type=\"widget\" data-e-type=\"widget\" data-widget_type=\"text-editor.default\">\n\t\t\t\t<div class=\"elementor-widget-container\">\n\t\t\t\t\t\t\t\t\t<p>En CCS, creemos que el \u00e9xito no solo se mide en resultados financieros, sino tambi\u00e9n en el impacto positivo que podemos tener en nuestras comunidades y en el mundo.<\/p>\t\t\t\t\t\t\t\t<\/div>\n\t\t\t\t<\/div>\n\t\t\t\t\t<\/div>\n\t\t<\/div>\n\t\t\t\t<div class=\"elementor-column elementor-col-33 elementor-top-column elementor-element elementor-element-2aebada4\" data-id=\"2aebada4\" data-element_type=\"column\" data-e-type=\"column\">\n\t\t\t<div class=\"elementor-widget-wrap elementor-element-populated\">\n\t\t\t\t\t\t<div class=\"elementor-element elementor-element-fa9c257 elementor-widget elementor-widget-text-editor\" data-id=\"fa9c257\" data-element_type=\"widget\" data-e-type=\"widget\" data-widget_type=\"text-editor.default\">\n\t\t\t\t<div class=\"elementor-widget-container\">\n\t\t\t\t\t\t\t\t\t<p>December 5th is International Volunteer Day. At CCS we commemorate it by volunteering and projecting ourselves with those who need our solidarity.<\/p>\t\t\t\t\t\t\t\t<\/div>\n\t\t\t\t<\/div>\n\t\t\t\t<div class=\"elementor-element elementor-element-731ff023 elementor-widget elementor-widget-image\" data-id=\"731ff023\" data-element_type=\"widget\" data-e-type=\"widget\" data-widget_type=\"image.default\">\n\t\t\t\t<div class=\"elementor-widget-container\">\n\t\t\t\t\t\t\t\t\t\t\t\t\t\t\t<img decoding=\"async\" width=\"3375\" height=\"3375\" src=\"https:\/\/contactcenterccs.hn\/wp-content\/uploads\/2024\/07\/2-4.png\" class=\"elementor-animation-grow attachment-full size-full wp-image-2377\" alt=\"\" srcset=\"https:\/\/contactcenterccs.hn\/wp-content\/uploads\/2024\/07\/2-4.png 3375w, https:\/\/contactcenterccs.hn\/wp-content\/uploads\/2024\/07\/2-4-300x300.png 300w, https:\/\/contactcenterccs.hn\/wp-content\/uploads\/2024\/07\/2-4-1024x1024.png 1024w, https:\/\/contactcenterccs.hn\/wp-content\/uploads\/2024\/07\/2-4-150x150.png 150w, https:\/\/contactcenterccs.hn\/wp-content\/uploads\/2024\/07\/2-4-768x768.png 768w, https:\/\/contactcenterccs.hn\/wp-content\/uploads\/2024\/07\/2-4-1536x1536.png 1536w, https:\/\/contactcenterccs.hn\/wp-content\/uploads\/2024\/07\/2-4-2048x2048.png 2048w, https:\/\/contactcenterccs.hn\/wp-content\/uploads\/2024\/07\/2-4-12x12.png 12w\" sizes=\"(max-width: 3375px) 100vw, 3375px\" \/>\t\t\t\t\t\t\t\t\t\t\t\t\t\t\t<\/div>\n\t\t\t\t<\/div>\n\t\t\t\t\t<\/div>\n\t\t<\/div>\n\t\t\t\t\t<\/div>\n\t\t<\/section>\n\t\t\t\t<\/div>","protected":false},"excerpt":{"rendered":"<p>Responsabilidad Social Empresarial CCS como empresa socialmente responsable (RSE), hemos considerado los impactos ambientales que hemos sufrido como pa\u00eds, seg\u00fan datos oficiales apuntan que entre 60,000 y 80,000 hect\u00e1reas de bosque son afectadas cada a\u00f1o por los incendios forestales a nivel nacional. Sumado a la aparici\u00f3n del gorgojo descortezador, el cual afect\u00f3 nuestros bosques. Como [&hellip;]<\/p>","protected":false},"author":2,"featured_media":0,"parent":0,"menu_order":0,"comment_status":"closed","ping_status":"closed","template":"elementor_header_footer","meta":{"_bbp_topic_count":0,"_bbp_reply_count":0,"_bbp_total_topic_count":0,"_bbp_total_reply_count":0,"_bbp_voice_count":0,"_bbp_anonymous_reply_count":0,"_bbp_topic_count_hidden":0,"_bbp_reply_count_hidden":0,"_bbp_forum_subforum_count":0,"_uag_custom_page_level_css":"","footnotes":""},"class_list":["post-30","page","type-page","status-publish","hentry"],"uagb_featured_image_src":{"full":false,"thumbnail":false,"medium":false,"medium_large":false,"large":false,"1536x1536":false,"2048x2048":false,"trp-custom-language-flag":false,"woocommerce_thumbnail":false,"woocommerce_single":false,"woocommerce_gallery_thumbnail":false},"uagb_author_info":{"display_name":"Dariela Licona","author_link":"https:\/\/contactcenterccs.hn\/en\/author\/dariela-licona\/"},"uagb_comment_info":0,"uagb_excerpt":"Responsabilidad Social Empresarial CCS como empresa socialmente responsable (RSE), hemos considerado los impactos ambientales que hemos sufrido como pa\u00eds, seg\u00fan datos oficiales apuntan que entre 60,000 y 80,000 hect\u00e1reas de bosque son afectadas cada a\u00f1o por los incendios forestales a nivel nacional. Sumado a la aparici\u00f3n del gorgojo descortezador, el cual afect\u00f3 nuestros bosques. Como&hellip;","_links":{"self":[{"href":"https:\/\/contactcenterccs.hn\/en\/wp-json\/wp\/v2\/pages\/30","targetHints":{"allow":["GET"]}}],"collection":[{"href":"https:\/\/contactcenterccs.hn\/en\/wp-json\/wp\/v2\/pages"}],"about":[{"href":"https:\/\/contactcenterccs.hn\/en\/wp-json\/wp\/v2\/types\/page"}],"author":[{"embeddable":true,"href":"https:\/\/contactcenterccs.hn\/en\/wp-json\/wp\/v2\/users\/2"}],"replies":[{"embeddable":true,"href":"https:\/\/contactcenterccs.hn\/en\/wp-json\/wp\/v2\/comments?post=30"}],"version-history":[{"count":53,"href":"https:\/\/contactcenterccs.hn\/en\/wp-json\/wp\/v2\/pages\/30\/revisions"}],"predecessor-version":[{"id":2676,"href":"https:\/\/contactcenterccs.hn\/en\/wp-json\/wp\/v2\/pages\/30\/revisions\/2676"}],"wp:attachment":[{"href":"https:\/\/contactcenterccs.hn\/en\/wp-json\/wp\/v2\/media?parent=30"}],"curies":[{"name":"wp","href":"https:\/\/api.w.org\/{rel}","templated":true}]}}