{"id":29,"date":"2023-08-23T17:16:16","date_gmt":"2023-08-23T15:16:16","guid":{"rendered":"https:\/\/contactcenterccs.hn\/?page_id=29"},"modified":"2026-03-06T15:13:04","modified_gmt":"2026-03-06T14:13:04","slug":"ccs-actividades","status":"publish","type":"page","link":"https:\/\/contactcenterccs.hn\/en\/ccs-actividades\/","title":{"rendered":"CCS Activities"},"content":{"rendered":"<div data-elementor-type=\"wp-page\" data-elementor-id=\"29\" class=\"elementor elementor-29\" data-elementor-post-type=\"page\">\n\t\t\t\t\t\t<section class=\"elementor-section elementor-top-section elementor-element elementor-element-13c7475a elementor-section-content-middle elementor-section-boxed elementor-section-height-default elementor-section-height-default\" data-id=\"13c7475a\" data-element_type=\"section\" data-e-type=\"section\" data-settings=\"{&quot;shape_divider_top&quot;:&quot;mountains&quot;}\">\n\t\t\t\t\t<div class=\"elementor-shape elementor-shape-top\" aria-hidden=\"true\" data-negative=\"false\">\n\t\t\t<svg xmlns=\"http:\/\/www.w3.org\/2000\/svg\" viewbox=\"0 0 1000 100\" preserveaspectratio=\"none\">\n\t<path class=\"elementor-shape-fill\" opacity=\"0.33\" d=\"M473,67.3c-203.9,88.3-263.1-34-320.3,0C66,119.1,0,59.7,0,59.7V0h1000v59.7 c0,0-62.1,26.1-94.9,29.3c-32.8,3.3-62.8-12.3-75.8-22.1C806,49.6,745.3,8.7,694.9,4.7S492.4,59,473,67.3z\"\/>\n\t<path class=\"elementor-shape-fill\" opacity=\"0.66\" d=\"M734,67.3c-45.5,0-77.2-23.2-129.1-39.1c-28.6-8.7-150.3-10.1-254,39.1 s-91.7-34.4-149.2,0C115.7,118.3,0,39.8,0,39.8V0h1000v36.5c0,0-28.2-18.5-92.1-18.5C810.2,18.1,775.7,67.3,734,67.3z\"\/>\n\t<path class=\"elementor-shape-fill\" d=\"M766.1,28.9c-200-57.5-266,65.5-395.1,19.5C242,1.8,242,5.4,184.8,20.6C128,35.8,132.3,44.9,89.9,52.5C28.6,63.7,0,0,0,0 h1000c0,0-9.9,40.9-83.6,48.1S829.6,47,766.1,28.9z\"\/>\n<\/svg>\t\t<\/div>\n\t\t\t\t\t<div class=\"elementor-container elementor-column-gap-no\">\n\t\t\t\t\t<div class=\"elementor-column elementor-col-100 elementor-top-column elementor-element elementor-element-5d71236a\" data-id=\"5d71236a\" data-element_type=\"column\" data-e-type=\"column\">\n\t\t\t<div class=\"elementor-widget-wrap elementor-element-populated\">\n\t\t\t\t\t\t<div class=\"elementor-element elementor-element-38eb6470 elementor-widget elementor-widget-text-editor\" data-id=\"38eb6470\" data-element_type=\"widget\" data-e-type=\"widget\" data-widget_type=\"text-editor.default\">\n\t\t\t\t<div class=\"elementor-widget-container\">\n\t\t\t\t\t\t\t\t\t<p>somos una familia<\/p>\t\t\t\t\t\t\t\t<\/div>\n\t\t\t\t<\/div>\n\t\t\t\t<div class=\"elementor-element elementor-element-adc338f elementor-widget elementor-widget-heading\" data-id=\"adc338f\" data-element_type=\"widget\" data-e-type=\"widget\" data-widget_type=\"heading.default\">\n\t\t\t\t<div class=\"elementor-widget-container\">\n\t\t\t\t\t<h2 class=\"elementor-heading-title elementor-size-default\">CCS Activities<\/h2>\t\t\t\t<\/div>\n\t\t\t\t<\/div>\n\t\t\t\t<div class=\"elementor-element elementor-element-2e1cf233 elementor-widget-divider--view-line elementor-widget elementor-widget-divider\" data-id=\"2e1cf233\" data-element_type=\"widget\" data-e-type=\"widget\" data-widget_type=\"divider.default\">\n\t\t\t\t<div class=\"elementor-widget-container\">\n\t\t\t\t\t\t\t<div class=\"elementor-divider\">\n\t\t\t<span class=\"elementor-divider-separator\">\n\t\t\t\t\t\t<\/span>\n\t\t<\/div>\n\t\t\t\t\t\t<\/div>\n\t\t\t\t<\/div>\n\t\t\t\t<div class=\"elementor-element elementor-element-7951f64c elementor-widget__width-initial elementor-widget elementor-widget-text-editor\" data-id=\"7951f64c\" data-element_type=\"widget\" data-e-type=\"widget\" data-widget_type=\"text-editor.default\">\n\t\t\t\t<div class=\"elementor-widget-container\">\n\t\t\t\t\t\t\t\t\t<p>At CCS, exercising the teamwork method has a high level of importance, since we believe in leadership, communication, listening, synergy and above all the encouragement of our collaborators.<\/p>\t\t\t\t\t\t\t\t<\/div>\n\t\t\t\t<\/div>\n\t\t\t\t\t<\/div>\n\t\t<\/div>\n\t\t\t\t\t<\/div>\n\t\t<\/section>\n\t\t\t\t<section class=\"elementor-section elementor-top-section elementor-element elementor-element-2bd9fcdb elementor-section-boxed elementor-section-height-default elementor-section-height-default\" data-id=\"2bd9fcdb\" data-element_type=\"section\" data-e-type=\"section\">\n\t\t\t\t\t\t<div class=\"elementor-container elementor-column-gap-default\">\n\t\t\t\t\t<div class=\"elementor-column elementor-col-33 elementor-top-column elementor-element elementor-element-4aa87175\" data-id=\"4aa87175\" data-element_type=\"column\" data-e-type=\"column\" data-settings=\"{&quot;background_background&quot;:&quot;classic&quot;}\">\n\t\t\t<div class=\"elementor-widget-wrap elementor-element-populated\">\n\t\t\t\t\t<div class=\"elementor-background-overlay\"><\/div>\n\t\t\t\t\t\t<div class=\"elementor-element elementor-element-2d595812 elementor-widget elementor-widget-heading\" data-id=\"2d595812\" data-element_type=\"widget\" data-e-type=\"widget\" data-widget_type=\"heading.default\">\n\t\t\t\t<div class=\"elementor-widget-container\">\n\t\t\t\t\t<h2 class=\"elementor-heading-title elementor-size-default\">Ferias de Empleo<\/h2>\t\t\t\t<\/div>\n\t\t\t\t<\/div>\n\t\t\t\t<div class=\"elementor-element elementor-element-6f62d0de elementor-widget elementor-widget-text-editor\" data-id=\"6f62d0de\" data-element_type=\"widget\" data-e-type=\"widget\" data-widget_type=\"text-editor.default\">\n\t\t\t\t<div class=\"elementor-widget-container\">\n\t\t\t\t\t\t\t\t\t<p>\u00a0Participamos activamente en <strong data-start=\"336\" data-end=\"356\">ferias de empleo<\/strong> para abrir m\u00e1s puertas y seguir sumando talento a nuestra familia CCS. Porque cuando crece nuestra gente, crecemos todos.<\/p>\t\t\t\t\t\t\t\t<\/div>\n\t\t\t\t<\/div>\n\t\t\t\t\t<\/div>\n\t\t<\/div>\n\t\t\t\t<div class=\"elementor-column elementor-col-33 elementor-top-column elementor-element elementor-element-29b8c3b9\" data-id=\"29b8c3b9\" data-element_type=\"column\" data-e-type=\"column\" data-settings=\"{&quot;background_background&quot;:&quot;classic&quot;}\">\n\t\t\t<div class=\"elementor-widget-wrap elementor-element-populated\">\n\t\t\t\t\t<div class=\"elementor-background-overlay\"><\/div>\n\t\t\t\t\t\t<div class=\"elementor-element elementor-element-6e71349 elementor-widget elementor-widget-heading\" data-id=\"6e71349\" data-element_type=\"widget\" data-e-type=\"widget\" data-widget_type=\"heading.default\">\n\t\t\t\t<div class=\"elementor-widget-container\">\n\t\t\t\t\t<h2 class=\"elementor-heading-title elementor-size-default\">Reconocemos Tu Esfuerzo<\/h2>\t\t\t\t<\/div>\n\t\t\t\t<\/div>\n\t\t\t\t<div class=\"elementor-element elementor-element-7291b177 elementor-widget elementor-widget-text-editor\" data-id=\"7291b177\" data-element_type=\"widget\" data-e-type=\"widget\" data-widget_type=\"text-editor.default\">\n\t\t\t\t<div class=\"elementor-widget-container\">\n\t\t\t\t\t\t\t\t\t<p>En <strong>Contact Center Sertvices<\/strong>, creemos que cada esfuerzo merece ser reconocido. Por eso, lanzamos una campa\u00f1a de motivaci\u00f3n que premia el compromiso, la dedicaci\u00f3n y los resultados de cada colaborador.<br \/>Con esta iniciativa, entregamos bonos personalizados seg\u00fan el desempe\u00f1o individual, porque cuando crece nuestra gente, crece tambi\u00e9n nuestra empresa.<\/p>\t\t\t\t\t\t\t\t<\/div>\n\t\t\t\t<\/div>\n\t\t\t\t\t<\/div>\n\t\t<\/div>\n\t\t\t\t<div class=\"elementor-column elementor-col-33 elementor-top-column elementor-element elementor-element-1fa28a65\" data-id=\"1fa28a65\" data-element_type=\"column\" data-e-type=\"column\" data-settings=\"{&quot;background_background&quot;:&quot;classic&quot;}\">\n\t\t\t<div class=\"elementor-widget-wrap elementor-element-populated\">\n\t\t\t\t\t<div class=\"elementor-background-overlay\"><\/div>\n\t\t\t\t\t\t<div class=\"elementor-element elementor-element-4c832501 elementor-widget elementor-widget-heading\" data-id=\"4c832501\" data-element_type=\"widget\" data-e-type=\"widget\" data-widget_type=\"heading.default\">\n\t\t\t\t<div class=\"elementor-widget-container\">\n\t\t\t\t\t<h2 class=\"elementor-heading-title elementor-size-default\">Excelencia en Acci\u00f3n<\/h2>\t\t\t\t<\/div>\n\t\t\t\t<\/div>\n\t\t\t\t<div class=\"elementor-element elementor-element-1869b37e elementor-widget elementor-widget-text-editor\" data-id=\"1869b37e\" data-element_type=\"widget\" data-e-type=\"widget\" data-widget_type=\"text-editor.default\">\n\t\t\t\t<div class=\"elementor-widget-container\">\n\t\t\t\t\t\t\t\t\t<p data-start=\"73\" data-end=\"350\">Gracias a su eficiencia y destacado desempe\u00f1o en las operativas, nuestro recibe <strong data-start=\"289\" data-end=\"310\">cupones de regalo<\/strong> como muestra de agradecimiento.<\/p><p data-start=\"352\" data-end=\"493\">Su esfuerzo impulsa nuestro crecimiento y nos motiva a seguir construyendo un entorno donde el m\u00e9rito y la dedicaci\u00f3n siempre sean valorados.<\/p>\t\t\t\t\t\t\t\t<\/div>\n\t\t\t\t<\/div>\n\t\t\t\t\t<\/div>\n\t\t<\/div>\n\t\t\t\t\t<\/div>\n\t\t<\/section>\n\t\t\t\t<section class=\"elementor-section elementor-top-section elementor-element elementor-element-e094588 elementor-section-content-middle elementor-section-boxed elementor-section-height-default elementor-section-height-default\" data-id=\"e094588\" data-element_type=\"section\" data-e-type=\"section\">\n\t\t\t\t\t\t<div class=\"elementor-container elementor-column-gap-no\">\n\t\t\t\t\t<div class=\"elementor-column elementor-col-33 elementor-top-column elementor-element elementor-element-91e4e48\" data-id=\"91e4e48\" data-element_type=\"column\" data-e-type=\"column\">\n\t\t\t<div class=\"elementor-widget-wrap elementor-element-populated\">\n\t\t\t\t\t\t<div class=\"elementor-element elementor-element-2981190 elementor-widget elementor-widget-text-editor\" data-id=\"2981190\" data-element_type=\"widget\" data-e-type=\"widget\" data-widget_type=\"text-editor.default\">\n\t\t\t\t<div class=\"elementor-widget-container\">\n\t\t\t\t\t\t\t\t\t<p>responsabilidad empresarial<\/p>\t\t\t\t\t\t\t\t<\/div>\n\t\t\t\t<\/div>\n\t\t\t\t<div class=\"elementor-element elementor-element-33b5c7b elementor-widget elementor-widget-heading\" data-id=\"33b5c7b\" data-element_type=\"widget\" data-e-type=\"widget\" data-widget_type=\"heading.default\">\n\t\t\t\t<div class=\"elementor-widget-container\">\n\t\t\t\t\t<h3 class=\"elementor-heading-title elementor-size-default\"><span class=\"a_GcMg font-feature-liga-off font-feature-clig-off font-feature-calt-off text-decoration-none text-strikethrough-none\" style=\"--Ys-XuQ: none;font-weight: 400\">Nuevo convenio Bienestar<\/span><\/h3>\t\t\t\t<\/div>\n\t\t\t\t<\/div>\n\t\t\t\t<div class=\"elementor-element elementor-element-4c073ae elementor-widget elementor-widget-text-editor\" data-id=\"4c073ae\" data-element_type=\"widget\" data-e-type=\"widget\" data-widget_type=\"text-editor.default\">\n\t\t\t\t<div class=\"elementor-widget-container\">\n\t\t\t\t\t\t\t\t\t<p><span style=\"color: #0c1014; font-family: -apple-system, BlinkMacSystemFont, 'Segoe UI', Roboto, Helvetica, Arial, sans-serif; font-size: 14px;\">Como empresa comprometida con el bienestar integral de nuestro equipo, nos complace anunciar que hemos establecido un convenio con Therafit, un destacado centro de rehabilitaci\u00f3n y prevenci\u00f3n f\u00edsica en Honduras.<\/span><\/p>\t\t\t\t\t\t\t\t<\/div>\n\t\t\t\t<\/div>\n\t\t\t\t\t<\/div>\n\t\t<\/div>\n\t\t\t\t<div class=\"elementor-column elementor-col-33 elementor-top-column elementor-element elementor-element-d19f85d\" data-id=\"d19f85d\" data-element_type=\"column\" data-e-type=\"column\">\n\t\t\t<div class=\"elementor-widget-wrap elementor-element-populated\">\n\t\t\t\t\t\t<div class=\"elementor-element elementor-element-05871d7 elementor-widget elementor-widget-image\" data-id=\"05871d7\" data-element_type=\"widget\" data-e-type=\"widget\" data-widget_type=\"image.default\">\n\t\t\t\t<div class=\"elementor-widget-container\">\n\t\t\t\t\t\t\t\t\t\t\t\t\t\t\t<img fetchpriority=\"high\" decoding=\"async\" width=\"800\" height=\"800\" src=\"https:\/\/contactcenterccs.hn\/wp-content\/uploads\/2026\/03\/1-1-1024x1024.png\" class=\"elementor-animation-grow attachment-large size-large wp-image-2766\" alt=\"\" srcset=\"https:\/\/contactcenterccs.hn\/wp-content\/uploads\/2026\/03\/1-1-1024x1024.png 1024w, https:\/\/contactcenterccs.hn\/wp-content\/uploads\/2026\/03\/1-1-300x300.png 300w, https:\/\/contactcenterccs.hn\/wp-content\/uploads\/2026\/03\/1-1-150x150.png 150w, https:\/\/contactcenterccs.hn\/wp-content\/uploads\/2026\/03\/1-1-768x768.png 768w, https:\/\/contactcenterccs.hn\/wp-content\/uploads\/2026\/03\/1-1-1536x1536.png 1536w, https:\/\/contactcenterccs.hn\/wp-content\/uploads\/2026\/03\/1-1-2048x2048.png 2048w, https:\/\/contactcenterccs.hn\/wp-content\/uploads\/2026\/03\/1-1-12x12.png 12w, https:\/\/contactcenterccs.hn\/wp-content\/uploads\/2026\/03\/1-1-600x600.png 600w, https:\/\/contactcenterccs.hn\/wp-content\/uploads\/2026\/03\/1-1-100x100.png 100w\" sizes=\"(max-width: 800px) 100vw, 800px\" \/>\t\t\t\t\t\t\t\t\t\t\t\t\t\t\t<\/div>\n\t\t\t\t<\/div>\n\t\t\t\t<div class=\"elementor-element elementor-element-a9b1a9f elementor-widget elementor-widget-text-editor\" data-id=\"a9b1a9f\" data-element_type=\"widget\" data-e-type=\"widget\" data-widget_type=\"text-editor.default\">\n\t\t\t\t<div class=\"elementor-widget-container\">\n\t\t\t\t\t\t\t\t\t<p><span style=\"color: #0c1014; font-family: -apple-system, BlinkMacSystemFont, 'Segoe UI', Roboto, Helvetica, Arial, sans-serif; font-size: 14px;\">A trav\u00e9s de este acuerdo, buscamos brindar a nuestros colaboradores la oportunidad de beneficiarse de los servicios que Therafit ofrece, promoviendo as\u00ed el cuidado de la salud, la prevenci\u00f3n de lesiones y una mejor calidad de vida. Este convenio forma parte de nuestras iniciativas orientadas a fortalecer el bienestar y el desarrollo integral de cada miembro del equipo Contact Center Services.<\/span><\/p>\t\t\t\t\t\t\t\t<\/div>\n\t\t\t\t<\/div>\n\t\t\t\t\t<\/div>\n\t\t<\/div>\n\t\t\t\t<div class=\"elementor-column elementor-col-33 elementor-top-column elementor-element elementor-element-d961e5d\" data-id=\"d961e5d\" data-element_type=\"column\" data-e-type=\"column\">\n\t\t\t<div class=\"elementor-widget-wrap elementor-element-populated\">\n\t\t\t\t\t\t<div class=\"elementor-element elementor-element-e4b7759 elementor-widget elementor-widget-image\" data-id=\"e4b7759\" data-element_type=\"widget\" data-e-type=\"widget\" data-widget_type=\"image.default\">\n\t\t\t\t<div class=\"elementor-widget-container\">\n\t\t\t\t\t\t\t\t\t\t\t\t\t\t\t<img decoding=\"async\" width=\"2560\" height=\"2560\" src=\"https:\/\/contactcenterccs.hn\/wp-content\/uploads\/2026\/03\/2-1-scaled.png\" class=\"elementor-animation-grow attachment-full size-full wp-image-2767\" alt=\"\" srcset=\"https:\/\/contactcenterccs.hn\/wp-content\/uploads\/2026\/03\/2-1-scaled.png 2560w, https:\/\/contactcenterccs.hn\/wp-content\/uploads\/2026\/03\/2-1-300x300.png 300w, https:\/\/contactcenterccs.hn\/wp-content\/uploads\/2026\/03\/2-1-1024x1024.png 1024w, https:\/\/contactcenterccs.hn\/wp-content\/uploads\/2026\/03\/2-1-150x150.png 150w, https:\/\/contactcenterccs.hn\/wp-content\/uploads\/2026\/03\/2-1-768x768.png 768w, https:\/\/contactcenterccs.hn\/wp-content\/uploads\/2026\/03\/2-1-1536x1536.png 1536w, https:\/\/contactcenterccs.hn\/wp-content\/uploads\/2026\/03\/2-1-2048x2048.png 2048w, https:\/\/contactcenterccs.hn\/wp-content\/uploads\/2026\/03\/2-1-12x12.png 12w, https:\/\/contactcenterccs.hn\/wp-content\/uploads\/2026\/03\/2-1-600x600.png 600w, https:\/\/contactcenterccs.hn\/wp-content\/uploads\/2026\/03\/2-1-100x100.png 100w\" sizes=\"(max-width: 2560px) 100vw, 2560px\" \/>\t\t\t\t\t\t\t\t\t\t\t\t\t\t\t<\/div>\n\t\t\t\t<\/div>\n\t\t\t\t\t<\/div>\n\t\t<\/div>\n\t\t\t\t\t<\/div>\n\t\t<\/section>\n\t\t\t\t<section class=\"elementor-section elementor-top-section elementor-element elementor-element-9040549 elementor-section-boxed elementor-section-height-default elementor-section-height-default\" data-id=\"9040549\" data-element_type=\"section\" data-e-type=\"section\">\n\t\t\t\t\t\t<div class=\"elementor-container elementor-column-gap-default\">\n\t\t\t\t\t<div class=\"elementor-column elementor-col-100 elementor-top-column elementor-element elementor-element-6f40ad2\" data-id=\"6f40ad2\" data-element_type=\"column\" data-e-type=\"column\">\n\t\t\t<div class=\"elementor-widget-wrap\">\n\t\t\t\t\t\t\t<\/div>\n\t\t<\/div>\n\t\t\t\t\t<\/div>\n\t\t<\/section>\n\t\t\t\t<\/div>","protected":false},"excerpt":{"rendered":"<p>somos una familia CCS Actividades En CCS ejercer el m\u00e9todo de trabajo en equipo posee un nivel de importancia elevado, ya que creemos en el liderazgo, comunicaci\u00f3n, escucha, sinergia y sobre todo la incentivaci\u00f3n a nuestros colaboradores. Ferias de Empleo \u00a0Participamos activamente en ferias de empleo para abrir m\u00e1s puertas y seguir sumando talento a [&hellip;]<\/p>","protected":false},"author":2,"featured_media":0,"parent":0,"menu_order":0,"comment_status":"closed","ping_status":"closed","template":"elementor_header_footer","meta":{"_bbp_topic_count":0,"_bbp_reply_count":0,"_bbp_total_topic_count":0,"_bbp_total_reply_count":0,"_bbp_voice_count":0,"_bbp_anonymous_reply_count":0,"_bbp_topic_count_hidden":0,"_bbp_reply_count_hidden":0,"_bbp_forum_subforum_count":0,"_uag_custom_page_level_css":"","footnotes":""},"class_list":["post-29","page","type-page","status-publish","hentry"],"uagb_featured_image_src":{"full":false,"thumbnail":false,"medium":false,"medium_large":false,"large":false,"1536x1536":false,"2048x2048":false,"trp-custom-language-flag":false,"woocommerce_thumbnail":false,"woocommerce_single":false,"woocommerce_gallery_thumbnail":false},"uagb_author_info":{"display_name":"Dariela Licona","author_link":"https:\/\/contactcenterccs.hn\/en\/author\/dariela-licona\/"},"uagb_comment_info":0,"uagb_excerpt":"somos una familia CCS Actividades En CCS ejercer el m\u00e9todo de trabajo en equipo posee un nivel de importancia elevado, ya que creemos en el liderazgo, comunicaci\u00f3n, escucha, sinergia y sobre todo la incentivaci\u00f3n a nuestros colaboradores. Ferias de Empleo \u00a0Participamos activamente en ferias de empleo para abrir m\u00e1s puertas y seguir sumando talento a&hellip;","_links":{"self":[{"href":"https:\/\/contactcenterccs.hn\/en\/wp-json\/wp\/v2\/pages\/29","targetHints":{"allow":["GET"]}}],"collection":[{"href":"https:\/\/contactcenterccs.hn\/en\/wp-json\/wp\/v2\/pages"}],"about":[{"href":"https:\/\/contactcenterccs.hn\/en\/wp-json\/wp\/v2\/types\/page"}],"author":[{"embeddable":true,"href":"https:\/\/contactcenterccs.hn\/en\/wp-json\/wp\/v2\/users\/2"}],"replies":[{"embeddable":true,"href":"https:\/\/contactcenterccs.hn\/en\/wp-json\/wp\/v2\/comments?post=29"}],"version-history":[{"count":82,"href":"https:\/\/contactcenterccs.hn\/en\/wp-json\/wp\/v2\/pages\/29\/revisions"}],"predecessor-version":[{"id":2776,"href":"https:\/\/contactcenterccs.hn\/en\/wp-json\/wp\/v2\/pages\/29\/revisions\/2776"}],"wp:attachment":[{"href":"https:\/\/contactcenterccs.hn\/en\/wp-json\/wp\/v2\/media?parent=29"}],"curies":[{"name":"wp","href":"https:\/\/api.w.org\/{rel}","templated":true}]}}