{"id":25,"date":"2023-08-23T17:16:16","date_gmt":"2023-08-23T15:16:16","guid":{"rendered":"https:\/\/contactcenterccs.hn\/?page_id=25"},"modified":"2024-07-30T17:34:05","modified_gmt":"2024-07-30T15:34:05","slug":"certificaciones","status":"publish","type":"page","link":"https:\/\/contactcenterccs.hn\/en\/certificaciones\/","title":{"rendered":"Certifications"},"content":{"rendered":"<div data-elementor-type=\"wp-page\" data-elementor-id=\"25\" class=\"elementor elementor-25\" data-elementor-post-type=\"page\">\n\t\t\t\t\t\t<section class=\"elementor-section elementor-top-section elementor-element elementor-element-692bdc5f elementor-section-full_width elementor-section-height-min-height elementor-section-items-stretch elementor-section-height-default\" data-id=\"692bdc5f\" data-element_type=\"section\" data-e-type=\"section\" data-settings=\"{&quot;background_background&quot;:&quot;classic&quot;}\">\n\t\t\t\t\t\t<div class=\"elementor-container elementor-column-gap-no\">\n\t\t\t\t\t<div class=\"elementor-column elementor-col-50 elementor-top-column elementor-element elementor-element-42f0b60\" data-id=\"42f0b60\" data-element_type=\"column\" data-e-type=\"column\">\n\t\t\t<div class=\"elementor-widget-wrap elementor-element-populated\">\n\t\t\t\t\t\t<div class=\"elementor-element elementor-element-74cfb62d elementor-widget__width-initial elementor-invisible elementor-widget elementor-widget-heading\" data-id=\"74cfb62d\" data-element_type=\"widget\" data-e-type=\"widget\" data-settings=\"{&quot;_animation&quot;:&quot;fadeIn&quot;,&quot;_animation_delay&quot;:400}\" data-widget_type=\"heading.default\">\n\t\t\t\t<div class=\"elementor-widget-container\">\n\t\t\t\t\t<h1 class=\"elementor-heading-title elementor-size-default\">COPC Certification<\/h1>\t\t\t\t<\/div>\n\t\t\t\t<\/div>\n\t\t\t\t<section class=\"elementor-section elementor-inner-section elementor-element elementor-element-3977d9a5 elementor-section-full_width elementor-section-height-default elementor-section-height-default\" data-id=\"3977d9a5\" data-element_type=\"section\" data-e-type=\"section\">\n\t\t\t\t\t\t<div class=\"elementor-container elementor-column-gap-no\">\n\t\t\t\t\t<div class=\"elementor-column elementor-col-100 elementor-inner-column elementor-element elementor-element-14288d25\" data-id=\"14288d25\" data-element_type=\"column\" data-e-type=\"column\">\n\t\t\t<div class=\"elementor-widget-wrap elementor-element-populated\">\n\t\t\t\t\t\t<div class=\"elementor-element elementor-element-113bd9c2 elementor-widget__width-initial elementor-invisible elementor-widget elementor-widget-text-editor\" data-id=\"113bd9c2\" data-element_type=\"widget\" data-e-type=\"widget\" data-settings=\"{&quot;_animation&quot;:&quot;fadeIn&quot;,&quot;_animation_delay&quot;:600}\" data-widget_type=\"text-editor.default\">\n\t\t\t\t<div class=\"elementor-widget-container\">\n\t\t\t\t\t\t\t\t\t<p>At CCS, we have COPC-Certified leaders who provide our partners with global best management practices, consistent processes, and performance metrics to achieve common goals.<\/p>\t\t\t\t\t\t\t\t<\/div>\n\t\t\t\t<\/div>\n\t\t\t\t<div class=\"elementor-element elementor-element-acf1f1e elementor-widget__width-initial elementor-widget elementor-widget-spacer\" data-id=\"acf1f1e\" data-element_type=\"widget\" data-e-type=\"widget\" data-widget_type=\"spacer.default\">\n\t\t\t\t<div class=\"elementor-widget-container\">\n\t\t\t\t\t\t\t<div class=\"elementor-spacer\">\n\t\t\t<div class=\"elementor-spacer-inner\"><\/div>\n\t\t<\/div>\n\t\t\t\t\t\t<\/div>\n\t\t\t\t<\/div>\n\t\t\t\t\t<\/div>\n\t\t<\/div>\n\t\t\t\t\t<\/div>\n\t\t<\/section>\n\t\t\t\t<div class=\"elementor-element elementor-element-26824cb9 elementor-widget__width-initial elementor-widget-tablet__width-initial elementor-absolute elementor-widget-mobile__width-initial elementor-invisible elementor-widget elementor-widget-spacer\" data-id=\"26824cb9\" data-element_type=\"widget\" data-e-type=\"widget\" data-settings=\"{&quot;_position&quot;:&quot;absolute&quot;,&quot;_animation&quot;:&quot;fadeIn&quot;}\" data-widget_type=\"spacer.default\">\n\t\t\t\t<div class=\"elementor-widget-container\">\n\t\t\t\t\t\t\t<div class=\"elementor-spacer\">\n\t\t\t<div class=\"elementor-spacer-inner\"><\/div>\n\t\t<\/div>\n\t\t\t\t\t\t<\/div>\n\t\t\t\t<\/div>\n\t\t\t\t\t<\/div>\n\t\t<\/div>\n\t\t\t\t<div class=\"elementor-column elementor-col-50 elementor-top-column elementor-element elementor-element-5fdd3d16\" data-id=\"5fdd3d16\" data-element_type=\"column\" data-e-type=\"column\">\n\t\t\t<div class=\"elementor-widget-wrap elementor-element-populated\">\n\t\t\t\t\t\t<section class=\"elementor-section elementor-inner-section elementor-element elementor-element-54a1a716 elementor-section-full_width elementor-reverse-tablet elementor-reverse-mobile elementor-section-height-default elementor-section-height-default\" data-id=\"54a1a716\" data-element_type=\"section\" data-e-type=\"section\">\n\t\t\t\t\t\t<div class=\"elementor-container elementor-column-gap-no\">\n\t\t\t\t\t<div class=\"elementor-column elementor-col-50 elementor-inner-column elementor-element elementor-element-734031a4\" data-id=\"734031a4\" data-element_type=\"column\" data-e-type=\"column\">\n\t\t\t<div class=\"elementor-widget-wrap elementor-element-populated\">\n\t\t\t\t\t\t<div class=\"elementor-element elementor-element-77cc5565 animated-fast elementor-widget-tablet__width-initial elementor-invisible elementor-widget elementor-widget-image\" data-id=\"77cc5565\" data-element_type=\"widget\" data-e-type=\"widget\" data-settings=\"{&quot;_animation&quot;:&quot;slideInRight&quot;,&quot;_animation_tablet&quot;:&quot;slideInLeft&quot;}\" data-widget_type=\"image.default\">\n\t\t\t\t<div class=\"elementor-widget-container\">\n\t\t\t\t\t\t\t\t\t\t\t\t\t\t\t<img fetchpriority=\"high\" decoding=\"async\" width=\"800\" height=\"800\" src=\"https:\/\/contactcenterccs.hn\/wp-content\/uploads\/2024\/07\/18-1024x1024.png\" class=\"attachment-large size-large wp-image-2231\" alt=\"\" srcset=\"https:\/\/contactcenterccs.hn\/wp-content\/uploads\/2024\/07\/18-1024x1024.png 1024w, https:\/\/contactcenterccs.hn\/wp-content\/uploads\/2024\/07\/18-300x300.png 300w, https:\/\/contactcenterccs.hn\/wp-content\/uploads\/2024\/07\/18-150x150.png 150w, https:\/\/contactcenterccs.hn\/wp-content\/uploads\/2024\/07\/18-768x768.png 768w, https:\/\/contactcenterccs.hn\/wp-content\/uploads\/2024\/07\/18-1536x1536.png 1536w, https:\/\/contactcenterccs.hn\/wp-content\/uploads\/2024\/07\/18-2048x2048.png 2048w, https:\/\/contactcenterccs.hn\/wp-content\/uploads\/2024\/07\/18-12x12.png 12w\" sizes=\"(max-width: 800px) 100vw, 800px\" \/>\t\t\t\t\t\t\t\t\t\t\t\t\t\t\t<\/div>\n\t\t\t\t<\/div>\n\t\t\t\t\t<\/div>\n\t\t<\/div>\n\t\t\t\t<div class=\"elementor-column elementor-col-50 elementor-inner-column elementor-element elementor-element-1978443e animated-fast elementor-invisible\" data-id=\"1978443e\" data-element_type=\"column\" data-e-type=\"column\" data-settings=\"{&quot;animation&quot;:&quot;slideInUp&quot;}\">\n\t\t\t<div class=\"elementor-widget-wrap elementor-element-populated\">\n\t\t\t\t\t\t<div class=\"elementor-element elementor-element-32dc7c8 elementor-widget__width-initial elementor-widget-tablet__width-initial elementor-absolute elementor-widget-mobile__width-initial elementor-widget elementor-widget-spacer\" data-id=\"32dc7c8\" data-element_type=\"widget\" data-e-type=\"widget\" data-settings=\"{&quot;_position&quot;:&quot;absolute&quot;}\" data-widget_type=\"spacer.default\">\n\t\t\t\t<div class=\"elementor-widget-container\">\n\t\t\t\t\t\t\t<div class=\"elementor-spacer\">\n\t\t\t<div class=\"elementor-spacer-inner\"><\/div>\n\t\t<\/div>\n\t\t\t\t\t\t<\/div>\n\t\t\t\t<\/div>\n\t\t\t\t\t<\/div>\n\t\t<\/div>\n\t\t\t\t\t<\/div>\n\t\t<\/section>\n\t\t\t\t<section class=\"elementor-section elementor-inner-section elementor-element elementor-element-1fb3a045 elementor-section-full_width elementor-section-height-default elementor-section-height-default\" data-id=\"1fb3a045\" data-element_type=\"section\" data-e-type=\"section\">\n\t\t\t\t\t\t<div class=\"elementor-container elementor-column-gap-no\">\n\t\t\t\t\t<div class=\"elementor-column elementor-col-50 elementor-inner-column elementor-element elementor-element-69d11d7d\" data-id=\"69d11d7d\" data-element_type=\"column\" data-e-type=\"column\">\n\t\t\t<div class=\"elementor-widget-wrap elementor-element-populated\">\n\t\t\t\t\t\t<div class=\"elementor-element elementor-element-57ca6b3f animated-fast elementor-widget-tablet__width-initial elementor-invisible elementor-widget elementor-widget-image\" data-id=\"57ca6b3f\" data-element_type=\"widget\" data-e-type=\"widget\" data-settings=\"{&quot;_animation&quot;:&quot;slideInDown&quot;,&quot;_animation_tablet&quot;:&quot;slideInRight&quot;}\" data-widget_type=\"image.default\">\n\t\t\t\t<div class=\"elementor-widget-container\">\n\t\t\t\t\t\t\t\t\t\t\t\t\t\t\t<img decoding=\"async\" width=\"800\" height=\"800\" src=\"https:\/\/contactcenterccs.hn\/wp-content\/uploads\/2024\/07\/Diseno-sin-titulo-1024x1024.png\" class=\"attachment-large size-large wp-image-2255\" alt=\"\" srcset=\"https:\/\/contactcenterccs.hn\/wp-content\/uploads\/2024\/07\/Diseno-sin-titulo-1024x1024.png 1024w, https:\/\/contactcenterccs.hn\/wp-content\/uploads\/2024\/07\/Diseno-sin-titulo-300x300.png 300w, https:\/\/contactcenterccs.hn\/wp-content\/uploads\/2024\/07\/Diseno-sin-titulo-150x150.png 150w, https:\/\/contactcenterccs.hn\/wp-content\/uploads\/2024\/07\/Diseno-sin-titulo-768x768.png 768w, https:\/\/contactcenterccs.hn\/wp-content\/uploads\/2024\/07\/Diseno-sin-titulo-1536x1536.png 1536w, https:\/\/contactcenterccs.hn\/wp-content\/uploads\/2024\/07\/Diseno-sin-titulo-2048x2048.png 2048w, https:\/\/contactcenterccs.hn\/wp-content\/uploads\/2024\/07\/Diseno-sin-titulo-12x12.png 12w\" sizes=\"(max-width: 800px) 100vw, 800px\" \/>\t\t\t\t\t\t\t\t\t\t\t\t\t\t\t<\/div>\n\t\t\t\t<\/div>\n\t\t\t\t\t<\/div>\n\t\t<\/div>\n\t\t\t\t<div class=\"elementor-column elementor-col-50 elementor-inner-column elementor-element elementor-element-20d3cdaf\" data-id=\"20d3cdaf\" data-element_type=\"column\" data-e-type=\"column\">\n\t\t\t<div class=\"elementor-widget-wrap elementor-element-populated\">\n\t\t\t\t\t\t<div class=\"elementor-element elementor-element-5703b8e5 animated-fast elementor-widget-tablet__width-initial elementor-invisible elementor-widget elementor-widget-image\" data-id=\"5703b8e5\" data-element_type=\"widget\" data-e-type=\"widget\" data-settings=\"{&quot;_animation&quot;:&quot;slideInLeft&quot;,&quot;_animation_tablet&quot;:&quot;slideInDown&quot;}\" data-widget_type=\"image.default\">\n\t\t\t\t<div class=\"elementor-widget-container\">\n\t\t\t\t\t\t\t\t\t\t\t\t\t\t\t<img decoding=\"async\" width=\"800\" height=\"800\" src=\"https:\/\/contactcenterccs.hn\/wp-content\/uploads\/2024\/07\/5-copia-1024x1024.png\" class=\"attachment-large size-large wp-image-1904\" alt=\"\" srcset=\"https:\/\/contactcenterccs.hn\/wp-content\/uploads\/2024\/07\/5-copia-1024x1024.png 1024w, https:\/\/contactcenterccs.hn\/wp-content\/uploads\/2024\/07\/5-copia-300x300.png 300w, https:\/\/contactcenterccs.hn\/wp-content\/uploads\/2024\/07\/5-copia-150x150.png 150w, https:\/\/contactcenterccs.hn\/wp-content\/uploads\/2024\/07\/5-copia-768x768.png 768w, https:\/\/contactcenterccs.hn\/wp-content\/uploads\/2024\/07\/5-copia-1536x1536.png 1536w, https:\/\/contactcenterccs.hn\/wp-content\/uploads\/2024\/07\/5-copia-2048x2048.png 2048w, https:\/\/contactcenterccs.hn\/wp-content\/uploads\/2024\/07\/5-copia-12x12.png 12w\" sizes=\"(max-width: 800px) 100vw, 800px\" \/>\t\t\t\t\t\t\t\t\t\t\t\t\t\t\t<\/div>\n\t\t\t\t<\/div>\n\t\t\t\t\t<\/div>\n\t\t<\/div>\n\t\t\t\t\t<\/div>\n\t\t<\/section>\n\t\t\t\t\t<\/div>\n\t\t<\/div>\n\t\t\t\t\t<\/div>\n\t\t<\/section>\n\t\t\t\t<section class=\"elementor-section elementor-top-section elementor-element elementor-element-6fb6bb45 elementor-section-boxed elementor-section-height-default elementor-section-height-default\" data-id=\"6fb6bb45\" data-element_type=\"section\" data-e-type=\"section\">\n\t\t\t\t\t\t<div class=\"elementor-container elementor-column-gap-no\">\n\t\t\t\t\t<div class=\"elementor-column elementor-col-25 elementor-top-column elementor-element elementor-element-5694b913 elementor-invisible\" data-id=\"5694b913\" data-element_type=\"column\" data-e-type=\"column\" data-settings=\"{&quot;animation&quot;:&quot;fadeIn&quot;}\">\n\t\t\t<div class=\"elementor-widget-wrap elementor-element-populated\">\n\t\t\t\t\t\t<div class=\"elementor-element elementor-element-65c62693 elementor-widget elementor-widget-icon-box\" data-id=\"65c62693\" data-element_type=\"widget\" data-e-type=\"widget\" data-widget_type=\"icon-box.default\">\n\t\t\t\t<div class=\"elementor-widget-container\">\n\t\t\t\t\t\t\t<div class=\"elementor-icon-box-wrapper\">\n\n\t\t\t\n\t\t\t\t\t\t<div class=\"elementor-icon-box-content\">\n\n\t\t\t\t\t\t\t\t\t<h3 class=\"elementor-icon-box-title\">\n\t\t\t\t\t\t<span  >\n\t\t\t\t\t\t\tEficiencia\t\t\t\t\t\t<\/span>\n\t\t\t\t\t<\/h3>\n\t\t\t\t\n\t\t\t\t\t\t\t\t\t<p class=\"elementor-icon-box-description\">\n\t\t\t\t\t\tMejora de la eficiencia operacional.\t\t\t\t\t<\/p>\n\t\t\t\t\n\t\t\t<\/div>\n\t\t\t\n\t\t<\/div>\n\t\t\t\t\t\t<\/div>\n\t\t\t\t<\/div>\n\t\t\t\t\t<\/div>\n\t\t<\/div>\n\t\t\t\t<div class=\"elementor-column elementor-col-25 elementor-top-column elementor-element elementor-element-76396b2a elementor-invisible\" data-id=\"76396b2a\" data-element_type=\"column\" data-e-type=\"column\" data-settings=\"{&quot;animation&quot;:&quot;fadeIn&quot;,&quot;animation_delay&quot;:200}\">\n\t\t\t<div class=\"elementor-widget-wrap elementor-element-populated\">\n\t\t\t\t\t\t<div class=\"elementor-element elementor-element-19e8f31a elementor-widget elementor-widget-icon-box\" data-id=\"19e8f31a\" data-element_type=\"widget\" data-e-type=\"widget\" data-widget_type=\"icon-box.default\">\n\t\t\t\t<div class=\"elementor-widget-container\">\n\t\t\t\t\t\t\t<div class=\"elementor-icon-box-wrapper\">\n\n\t\t\t\n\t\t\t\t\t\t<div class=\"elementor-icon-box-content\">\n\n\t\t\t\t\t\t\t\t\t<h3 class=\"elementor-icon-box-title\">\n\t\t\t\t\t\t<span  >\n\t\t\t\t\t\t\tQuality\t\t\t\t\t\t<\/span>\n\t\t\t\t\t<\/h3>\n\t\t\t\t\n\t\t\t\t\t\t\t\t\t<p class=\"elementor-icon-box-description\">\n\t\t\t\t\t\tCalidad en el servicio al cliente\t\t\t\t\t<\/p>\n\t\t\t\t\n\t\t\t<\/div>\n\t\t\t\n\t\t<\/div>\n\t\t\t\t\t\t<\/div>\n\t\t\t\t<\/div>\n\t\t\t\t\t<\/div>\n\t\t<\/div>\n\t\t\t\t<div class=\"elementor-column elementor-col-25 elementor-top-column elementor-element elementor-element-592aa968 elementor-invisible\" data-id=\"592aa968\" data-element_type=\"column\" data-e-type=\"column\" data-settings=\"{&quot;animation&quot;:&quot;fadeIn&quot;,&quot;animation_delay&quot;:400}\">\n\t\t\t<div class=\"elementor-widget-wrap elementor-element-populated\">\n\t\t\t\t\t\t<div class=\"elementor-element elementor-element-260afc49 elementor-widget elementor-widget-icon-box\" data-id=\"260afc49\" data-element_type=\"widget\" data-e-type=\"widget\" data-widget_type=\"icon-box.default\">\n\t\t\t\t<div class=\"elementor-widget-container\">\n\t\t\t\t\t\t\t<div class=\"elementor-icon-box-wrapper\">\n\n\t\t\t\n\t\t\t\t\t\t<div class=\"elementor-icon-box-content\">\n\n\t\t\t\t\t\t\t\t\t<h3 class=\"elementor-icon-box-title\">\n\t\t\t\t\t\t<span  >\n\t\t\t\t\t\t\tmejora continua\t\t\t\t\t\t<\/span>\n\t\t\t\t\t<\/h3>\n\t\t\t\t\n\t\t\t\t\t\t\t\t\t<p class=\"elementor-icon-box-description\">\n\t\t\t\t\t\tCOPC establece indicadores clave de rendimiento\t\t\t\t\t<\/p>\n\t\t\t\t\n\t\t\t<\/div>\n\t\t\t\n\t\t<\/div>\n\t\t\t\t\t\t<\/div>\n\t\t\t\t<\/div>\n\t\t\t\t\t<\/div>\n\t\t<\/div>\n\t\t\t\t<div class=\"elementor-column elementor-col-25 elementor-top-column elementor-element elementor-element-5fdbfe86 elementor-invisible\" data-id=\"5fdbfe86\" data-element_type=\"column\" data-e-type=\"column\" data-settings=\"{&quot;animation&quot;:&quot;fadeIn&quot;,&quot;animation_delay&quot;:600}\">\n\t\t\t<div class=\"elementor-widget-wrap elementor-element-populated\">\n\t\t\t\t\t\t<div class=\"elementor-element elementor-element-3e1c1295 elementor-widget elementor-widget-icon-box\" data-id=\"3e1c1295\" data-element_type=\"widget\" data-e-type=\"widget\" data-widget_type=\"icon-box.default\">\n\t\t\t\t<div class=\"elementor-widget-container\">\n\t\t\t\t\t\t\t<div class=\"elementor-icon-box-wrapper\">\n\n\t\t\t\n\t\t\t\t\t\t<div class=\"elementor-icon-box-content\">\n\n\t\t\t\t\t\t\t\t\t<h3 class=\"elementor-icon-box-title\">\n\t\t\t\t\t\t<span  >\n\t\t\t\t\t\t\tEst\u00e1ndares Internacionales\t\t\t\t\t\t<\/span>\n\t\t\t\t\t<\/h3>\n\t\t\t\t\n\t\t\t\t\t\t\t\t\t<p class=\"elementor-icon-box-description\">\n\t\t\t\t\t\tLa certificaci\u00f3n COPC es reconocida globalmente.\t\t\t\t\t<\/p>\n\t\t\t\t\n\t\t\t<\/div>\n\t\t\t\n\t\t<\/div>\n\t\t\t\t\t\t<\/div>\n\t\t\t\t<\/div>\n\t\t\t\t\t<\/div>\n\t\t<\/div>\n\t\t\t\t\t<\/div>\n\t\t<\/section>\n\t\t\t\t<\/div>","protected":false},"excerpt":{"rendered":"<p>Certificaci\u00f3n COPC En CCS contamos con lideres Certificados por COPC proporcionando a nuestros socios las mejores pr\u00e1cticas globales de gesti\u00f3n, procesos consistentes y m\u00e9tricas de desempe\u00f1o, a fin de alcanzar los objetivos en com\u00fan. Eficiencia Mejora de la eficiencia operacional. Calidad Calidad en el servicio al cliente mejora continua COPC establece indicadores clave de rendimiento [&hellip;]<\/p>","protected":false},"author":2,"featured_media":0,"parent":0,"menu_order":0,"comment_status":"closed","ping_status":"closed","template":"elementor_header_footer","meta":{"_bbp_topic_count":0,"_bbp_reply_count":0,"_bbp_total_topic_count":0,"_bbp_total_reply_count":0,"_bbp_voice_count":0,"_bbp_anonymous_reply_count":0,"_bbp_topic_count_hidden":0,"_bbp_reply_count_hidden":0,"_bbp_forum_subforum_count":0,"_uag_custom_page_level_css":"","footnotes":""},"class_list":["post-25","page","type-page","status-publish","hentry"],"uagb_featured_image_src":{"full":false,"thumbnail":false,"medium":false,"medium_large":false,"large":false,"1536x1536":false,"2048x2048":false,"trp-custom-language-flag":false,"woocommerce_thumbnail":false,"woocommerce_single":false,"woocommerce_gallery_thumbnail":false},"uagb_author_info":{"display_name":"Dariela Licona","author_link":"https:\/\/contactcenterccs.hn\/en\/author\/dariela-licona\/"},"uagb_comment_info":0,"uagb_excerpt":"Certificaci\u00f3n COPC En CCS contamos con lideres Certificados por COPC proporcionando a nuestros socios las mejores pr\u00e1cticas globales de gesti\u00f3n, procesos consistentes y m\u00e9tricas de desempe\u00f1o, a fin de alcanzar los objetivos en com\u00fan. Eficiencia Mejora de la eficiencia operacional. Calidad Calidad en el servicio al cliente mejora continua COPC establece indicadores clave de rendimiento&hellip;","_links":{"self":[{"href":"https:\/\/contactcenterccs.hn\/en\/wp-json\/wp\/v2\/pages\/25","targetHints":{"allow":["GET"]}}],"collection":[{"href":"https:\/\/contactcenterccs.hn\/en\/wp-json\/wp\/v2\/pages"}],"about":[{"href":"https:\/\/contactcenterccs.hn\/en\/wp-json\/wp\/v2\/types\/page"}],"author":[{"embeddable":true,"href":"https:\/\/contactcenterccs.hn\/en\/wp-json\/wp\/v2\/users\/2"}],"replies":[{"embeddable":true,"href":"https:\/\/contactcenterccs.hn\/en\/wp-json\/wp\/v2\/comments?post=25"}],"version-history":[{"count":97,"href":"https:\/\/contactcenterccs.hn\/en\/wp-json\/wp\/v2\/pages\/25\/revisions"}],"predecessor-version":[{"id":2462,"href":"https:\/\/contactcenterccs.hn\/en\/wp-json\/wp\/v2\/pages\/25\/revisions\/2462"}],"wp:attachment":[{"href":"https:\/\/contactcenterccs.hn\/en\/wp-json\/wp\/v2\/media?parent=25"}],"curies":[{"name":"wp","href":"https:\/\/api.w.org\/{rel}","templated":true}]}}