{"id":24,"date":"2023-08-23T17:16:16","date_gmt":"2023-08-23T15:16:16","guid":{"rendered":"https:\/\/contactcenterccs.hn\/?page_id=24"},"modified":"2024-07-30T17:32:26","modified_gmt":"2024-07-30T15:32:26","slug":"contactanos","status":"publish","type":"page","link":"https:\/\/contactcenterccs.hn\/en\/contactanos\/","title":{"rendered":"Contact us"},"content":{"rendered":"<div data-elementor-type=\"wp-page\" data-elementor-id=\"24\" class=\"elementor elementor-24\" data-elementor-post-type=\"page\">\n\t\t\t\t\t\t<section class=\"elementor-section elementor-top-section elementor-element elementor-element-9c34a73 elementor-section-boxed elementor-section-height-default elementor-section-height-default\" data-id=\"9c34a73\" data-element_type=\"section\" data-e-type=\"section\">\n\t\t\t\t\t\t<div class=\"elementor-container elementor-column-gap-default\">\n\t\t\t\t\t<div class=\"elementor-column elementor-col-50 elementor-top-column elementor-element elementor-element-41801ea\" data-id=\"41801ea\" data-element_type=\"column\" data-e-type=\"column\">\n\t\t\t<div class=\"elementor-widget-wrap elementor-element-populated\">\n\t\t\t\t\t\t<div class=\"elementor-element elementor-element-c1bb7d7 elementor-widget__width-initial elementor-widget elementor-widget-google_maps\" data-id=\"c1bb7d7\" data-element_type=\"widget\" data-e-type=\"widget\" data-widget_type=\"google_maps.default\">\n\t\t\t\t<div class=\"elementor-widget-container\">\n\t\t\t\t\t\t\t<div class=\"elementor-custom-embed\">\n\t\t\t<iframe loading=\"lazy\"\n\t\t\t\t\tsrc=\"https:\/\/maps.google.com\/maps?q=col.%20la%20alameda%20edificio%20corporativo%20del%20Hotel%20Clarion&#038;t=m&#038;z=10&#038;output=embed&#038;iwloc=near\"\n\t\t\t\t\ttitle=\"col. la alameda edificio corporativo del Hotel Clarion\"\n\t\t\t\t\taria-label=\"col. la alameda edificio corporativo del Hotel Clarion\"\n\t\t\t><\/iframe>\n\t\t<\/div>\n\t\t\t\t\t\t<\/div>\n\t\t\t\t<\/div>\n\t\t\t\t\t<\/div>\n\t\t<\/div>\n\t\t\t\t<div class=\"elementor-column elementor-col-50 elementor-top-column elementor-element elementor-element-2e9ae8f\" data-id=\"2e9ae8f\" data-element_type=\"column\" data-e-type=\"column\">\n\t\t\t<div class=\"elementor-widget-wrap elementor-element-populated\">\n\t\t\t\t\t\t<div class=\"elementor-element elementor-element-1325d6e elementor-widget elementor-widget-heading\" data-id=\"1325d6e\" data-element_type=\"widget\" data-e-type=\"widget\" data-widget_type=\"heading.default\">\n\t\t\t\t<div class=\"elementor-widget-container\">\n\t\t\t\t\t<h2 class=\"elementor-heading-title elementor-size-default\">Address<\/h2>\t\t\t\t<\/div>\n\t\t\t\t<\/div>\n\t\t\t\t<div class=\"elementor-element elementor-element-73351c6 elementor-widget__width-initial elementor-widget elementor-widget-text-editor\" data-id=\"73351c6\" data-element_type=\"widget\" data-e-type=\"widget\" data-widget_type=\"text-editor.default\">\n\t\t\t\t<div class=\"elementor-widget-container\">\n\t\t\t\t\t\t\t\t\t<p>Address La Alameda, Corporate Building of the Clari\u00f3n Hotel, Tegucigalpa, Honduras.<\/p>\t\t\t\t\t\t\t\t<\/div>\n\t\t\t\t<\/div>\n\t\t\t\t<div class=\"elementor-element elementor-element-ea5e0e7 elementor-widget elementor-widget-heading\" data-id=\"ea5e0e7\" data-element_type=\"widget\" data-e-type=\"widget\" data-widget_type=\"heading.default\">\n\t\t\t\t<div class=\"elementor-widget-container\">\n\t\t\t\t\t<h2 class=\"elementor-heading-title elementor-size-default\">Horario<\/h2>\t\t\t\t<\/div>\n\t\t\t\t<\/div>\n\t\t\t\t<div class=\"elementor-element elementor-element-e83fbd8 elementor-widget elementor-widget-text-editor\" data-id=\"e83fbd8\" data-element_type=\"widget\" data-e-type=\"widget\" data-widget_type=\"text-editor.default\">\n\t\t\t\t<div class=\"elementor-widget-container\">\n\t\t\t\t\t\t\t\t\t<p class=\"has-text-color has-link-color\">Monday to Friday 8:00 AM \u2013 5:00 PM<\/p><p class=\"has-text-color has-link-color\"><span style=\"color: var( --e-global-color-text ); font-family: var( --e-global-typography-text-font-family ), Sans-serif; font-weight: var( --e-global-typography-text-font-weight ); font-size: 1rem;\">S\u00e1bado: 8:00 AM &#8211; 12:00 PM<\/span><\/p>\t\t\t\t\t\t\t\t<\/div>\n\t\t\t\t<\/div>\n\t\t\t\t<div class=\"elementor-element elementor-element-15e24d2 elementor-widget elementor-widget-heading\" data-id=\"15e24d2\" data-element_type=\"widget\" data-e-type=\"widget\" data-widget_type=\"heading.default\">\n\t\t\t\t<div class=\"elementor-widget-container\">\n\t\t\t\t\t<h2 class=\"elementor-heading-title elementor-size-default\">Contacto<\/h2>\t\t\t\t<\/div>\n\t\t\t\t<\/div>\n\t\t\t\t<div class=\"elementor-element elementor-element-8297e9c elementor-widget elementor-widget-text-editor\" data-id=\"8297e9c\" data-element_type=\"widget\" data-e-type=\"widget\" data-widget_type=\"text-editor.default\">\n\t\t\t\t<div class=\"elementor-widget-container\">\n\t\t\t\t\t\t\t\t\t<p class=\"has-text-color has-link-color\">Tel. 2242-6540<br \/>talento.humano@contactcenterccs.hn<\/p>\t\t\t\t\t\t\t\t<\/div>\n\t\t\t\t<\/div>\n\t\t\t\t\t<\/div>\n\t\t<\/div>\n\t\t\t\t\t<\/div>\n\t\t<\/section>\n\t\t\t\t<\/div>","protected":false},"excerpt":{"rendered":"<p>Direcci\u00f3n Colonia La Alameda, Edificio Corporativo El Clari\u00f3n, Tegucigalpa, Honduras. Horario Lunes a Viernes 8:00 AM &#8211; 5:00 PM S\u00e1bado: 8:00 AM &#8211; 12:00 PM Contacto Tel. 2242-6540talento.humano@contactcenterccs.hn<\/p>","protected":false},"author":2,"featured_media":0,"parent":0,"menu_order":0,"comment_status":"closed","ping_status":"closed","template":"elementor_header_footer","meta":{"_bbp_topic_count":0,"_bbp_reply_count":0,"_bbp_total_topic_count":0,"_bbp_total_reply_count":0,"_bbp_voice_count":0,"_bbp_anonymous_reply_count":0,"_bbp_topic_count_hidden":0,"_bbp_reply_count_hidden":0,"_bbp_forum_subforum_count":0,"_uag_custom_page_level_css":"","footnotes":""},"class_list":["post-24","page","type-page","status-publish","hentry"],"uagb_featured_image_src":{"full":false,"thumbnail":false,"medium":false,"medium_large":false,"large":false,"1536x1536":false,"2048x2048":false,"trp-custom-language-flag":false,"woocommerce_thumbnail":false,"woocommerce_single":false,"woocommerce_gallery_thumbnail":false},"uagb_author_info":{"display_name":"Dariela Licona","author_link":"https:\/\/contactcenterccs.hn\/en\/author\/dariela-licona\/"},"uagb_comment_info":0,"uagb_excerpt":"Direcci\u00f3n Colonia La Alameda, Edificio Corporativo El Clari\u00f3n, Tegucigalpa, Honduras. Horario Lunes a Viernes 8:00 AM &#8211; 5:00 PM S\u00e1bado: 8:00 AM &#8211; 12:00 PM Contacto Tel. 2242-6540talento.humano@contactcenterccs.hn","_links":{"self":[{"href":"https:\/\/contactcenterccs.hn\/en\/wp-json\/wp\/v2\/pages\/24","targetHints":{"allow":["GET"]}}],"collection":[{"href":"https:\/\/contactcenterccs.hn\/en\/wp-json\/wp\/v2\/pages"}],"about":[{"href":"https:\/\/contactcenterccs.hn\/en\/wp-json\/wp\/v2\/types\/page"}],"author":[{"embeddable":true,"href":"https:\/\/contactcenterccs.hn\/en\/wp-json\/wp\/v2\/users\/2"}],"replies":[{"embeddable":true,"href":"https:\/\/contactcenterccs.hn\/en\/wp-json\/wp\/v2\/comments?post=24"}],"version-history":[{"count":6,"href":"https:\/\/contactcenterccs.hn\/en\/wp-json\/wp\/v2\/pages\/24\/revisions"}],"predecessor-version":[{"id":2509,"href":"https:\/\/contactcenterccs.hn\/en\/wp-json\/wp\/v2\/pages\/24\/revisions\/2509"}],"wp:attachment":[{"href":"https:\/\/contactcenterccs.hn\/en\/wp-json\/wp\/v2\/media?parent=24"}],"curies":[{"name":"wp","href":"https:\/\/api.w.org\/{rel}","templated":true}]}}