{"id":144,"date":"2023-08-23T20:23:32","date_gmt":"2023-08-23T18:23:32","guid":{"rendered":"https:\/\/contactcenterccs.hn\/?page_id=144"},"modified":"2024-07-30T18:54:34","modified_gmt":"2024-07-30T16:54:34","slug":"quienes-somos","status":"publish","type":"page","link":"https:\/\/contactcenterccs.hn\/en\/quienes-somos\/","title":{"rendered":"About Us"},"content":{"rendered":"<div data-elementor-type=\"wp-page\" data-elementor-id=\"144\" class=\"elementor elementor-144\" data-elementor-post-type=\"page\">\n\t\t\t\t\t\t<section class=\"elementor-section elementor-top-section elementor-element elementor-element-261bc73c elementor-section-content-middle elementor-section-boxed elementor-section-height-default elementor-section-height-default\" data-id=\"261bc73c\" data-element_type=\"section\" data-e-type=\"section\">\n\t\t\t\t\t\t<div class=\"elementor-container elementor-column-gap-no\">\n\t\t\t\t\t<div class=\"elementor-column elementor-col-33 elementor-top-column elementor-element elementor-element-7d3bb859\" data-id=\"7d3bb859\" data-element_type=\"column\" data-e-type=\"column\">\n\t\t\t<div class=\"elementor-widget-wrap elementor-element-populated\">\n\t\t\t\t\t\t<div class=\"elementor-element elementor-element-f874574 elementor-widget elementor-widget-text-editor\" data-id=\"f874574\" data-element_type=\"widget\" data-e-type=\"widget\" data-widget_type=\"text-editor.default\">\n\t\t\t\t<div class=\"elementor-widget-container\">\n\t\t\t\t\t\t\t\t\t<p>Somos<\/p>\t\t\t\t\t\t\t\t<\/div>\n\t\t\t\t<\/div>\n\t\t\t\t<div class=\"elementor-element elementor-element-260dddc elementor-widget-divider--view-line elementor-widget elementor-widget-divider\" data-id=\"260dddc\" data-element_type=\"widget\" data-e-type=\"widget\" data-widget_type=\"divider.default\">\n\t\t\t\t<div class=\"elementor-widget-container\">\n\t\t\t\t\t\t\t<div class=\"elementor-divider\">\n\t\t\t<span class=\"elementor-divider-separator\">\n\t\t\t\t\t\t<\/span>\n\t\t<\/div>\n\t\t\t\t\t\t<\/div>\n\t\t\t\t<\/div>\n\t\t\t\t<div class=\"elementor-element elementor-element-3fe1626 elementor-widget elementor-widget-heading\" data-id=\"3fe1626\" data-element_type=\"widget\" data-e-type=\"widget\" data-widget_type=\"heading.default\">\n\t\t\t\t<div class=\"elementor-widget-container\">\n\t\t\t\t\t<h2 class=\"elementor-heading-title elementor-size-default\">Contact Center Services<\/h2>\t\t\t\t<\/div>\n\t\t\t\t<\/div>\n\t\t\t\t\t<\/div>\n\t\t<\/div>\n\t\t\t\t<div class=\"elementor-column elementor-col-33 elementor-top-column elementor-element elementor-element-c00a357\" data-id=\"c00a357\" data-element_type=\"column\" data-e-type=\"column\">\n\t\t\t<div class=\"elementor-widget-wrap elementor-element-populated\">\n\t\t\t\t\t\t<div class=\"elementor-element elementor-element-110387e3 elementor-widget elementor-widget-image\" data-id=\"110387e3\" data-element_type=\"widget\" data-e-type=\"widget\" data-widget_type=\"image.default\">\n\t\t\t\t<div class=\"elementor-widget-container\">\n\t\t\t\t\t\t\t\t\t\t\t\t\t\t\t<img fetchpriority=\"high\" decoding=\"async\" width=\"3375\" height=\"3375\" src=\"https:\/\/contactcenterccs.hn\/wp-content\/uploads\/2024\/07\/5-copia.png\" class=\"elementor-animation-grow attachment-full size-full wp-image-1904\" alt=\"\" srcset=\"https:\/\/contactcenterccs.hn\/wp-content\/uploads\/2024\/07\/5-copia.png 3375w, https:\/\/contactcenterccs.hn\/wp-content\/uploads\/2024\/07\/5-copia-300x300.png 300w, https:\/\/contactcenterccs.hn\/wp-content\/uploads\/2024\/07\/5-copia-1024x1024.png 1024w, https:\/\/contactcenterccs.hn\/wp-content\/uploads\/2024\/07\/5-copia-150x150.png 150w, https:\/\/contactcenterccs.hn\/wp-content\/uploads\/2024\/07\/5-copia-768x768.png 768w, https:\/\/contactcenterccs.hn\/wp-content\/uploads\/2024\/07\/5-copia-1536x1536.png 1536w, https:\/\/contactcenterccs.hn\/wp-content\/uploads\/2024\/07\/5-copia-2048x2048.png 2048w, https:\/\/contactcenterccs.hn\/wp-content\/uploads\/2024\/07\/5-copia-12x12.png 12w\" sizes=\"(max-width: 3375px) 100vw, 3375px\" \/>\t\t\t\t\t\t\t\t\t\t\t\t\t\t\t<\/div>\n\t\t\t\t<\/div>\n\t\t\t\t<div class=\"elementor-element elementor-element-58aeb1be elementor-widget elementor-widget-text-editor\" data-id=\"58aeb1be\" data-element_type=\"widget\" data-e-type=\"widget\" data-widget_type=\"text-editor.default\">\n\t\t\t\t<div class=\"elementor-widget-container\">\n\t\t\t\t\t\t\t\t\t<p>CCS es un outsourcing, l\u00edder en manejo de contact center con sede en Tegucigalpa. nuestra misi\u00f3n es ser un referente nacional e internacional en nuestra \u00e1rea,ser el aliado perfecto para nuestros socios estrat\u00e9gicos mediante soluciones innovadoras.<\/p>\t\t\t\t\t\t\t\t<\/div>\n\t\t\t\t<\/div>\n\t\t\t\t\t<\/div>\n\t\t<\/div>\n\t\t\t\t<div class=\"elementor-column elementor-col-33 elementor-top-column elementor-element elementor-element-22e4ad3c\" data-id=\"22e4ad3c\" data-element_type=\"column\" data-e-type=\"column\">\n\t\t\t<div class=\"elementor-widget-wrap elementor-element-populated\">\n\t\t\t\t\t\t<div class=\"elementor-element elementor-element-442fca1f elementor-invisible elementor-widget elementor-widget-text-editor\" data-id=\"442fca1f\" data-element_type=\"widget\" data-e-type=\"widget\" data-settings=\"{&quot;_animation&quot;:&quot;fadeIn&quot;}\" data-widget_type=\"text-editor.default\">\n\t\t\t\t<div class=\"elementor-widget-container\">\n\t\t\t\t\t\t\t\t\t<p>Lo que nos distingue es nuestro enfoque innovador, tecnolog\u00eda de vanguardia y un equipo de expertos altamente calificados. Nos comprometemos a ofrecer soluciones personalizadas y un servicio al cliente excepcional.<\/p>\t\t\t\t\t\t\t\t<\/div>\n\t\t\t\t<\/div>\n\t\t\t\t<div class=\"elementor-element elementor-element-2f0e0773 elementor-widget elementor-widget-image\" data-id=\"2f0e0773\" data-element_type=\"widget\" data-e-type=\"widget\" data-widget_type=\"image.default\">\n\t\t\t\t<div class=\"elementor-widget-container\">\n\t\t\t\t\t\t\t\t\t\t\t\t\t\t\t<img decoding=\"async\" width=\"3375\" height=\"3375\" src=\"https:\/\/contactcenterccs.hn\/wp-content\/uploads\/2024\/07\/8.png\" class=\"elementor-animation-grow attachment-full size-full wp-image-1889\" alt=\"\" srcset=\"https:\/\/contactcenterccs.hn\/wp-content\/uploads\/2024\/07\/8.png 3375w, https:\/\/contactcenterccs.hn\/wp-content\/uploads\/2024\/07\/8-300x300.png 300w, https:\/\/contactcenterccs.hn\/wp-content\/uploads\/2024\/07\/8-1024x1024.png 1024w, https:\/\/contactcenterccs.hn\/wp-content\/uploads\/2024\/07\/8-150x150.png 150w, https:\/\/contactcenterccs.hn\/wp-content\/uploads\/2024\/07\/8-768x768.png 768w, https:\/\/contactcenterccs.hn\/wp-content\/uploads\/2024\/07\/8-1536x1536.png 1536w, https:\/\/contactcenterccs.hn\/wp-content\/uploads\/2024\/07\/8-2048x2048.png 2048w, https:\/\/contactcenterccs.hn\/wp-content\/uploads\/2024\/07\/8-12x12.png 12w\" sizes=\"(max-width: 3375px) 100vw, 3375px\" \/>\t\t\t\t\t\t\t\t\t\t\t\t\t\t\t<\/div>\n\t\t\t\t<\/div>\n\t\t\t\t\t<\/div>\n\t\t<\/div>\n\t\t\t\t\t<\/div>\n\t\t<\/section>\n\t\t\t\t<\/div>","protected":false},"excerpt":{"rendered":"<p>Somos Contact Center Services CCS es un outsourcing, l\u00edder en manejo de contact center con sede en Tegucigalpa. nuestra misi\u00f3n es ser un referente nacional e internacional en nuestra \u00e1rea,ser el aliado perfecto para nuestros socios estrat\u00e9gicos mediante soluciones innovadoras. Lo que nos distingue es nuestro enfoque innovador, tecnolog\u00eda de vanguardia y un equipo de [&hellip;]<\/p>","protected":false},"author":2,"featured_media":0,"parent":0,"menu_order":0,"comment_status":"closed","ping_status":"closed","template":"elementor_header_footer","meta":{"_bbp_topic_count":0,"_bbp_reply_count":0,"_bbp_total_topic_count":0,"_bbp_total_reply_count":0,"_bbp_voice_count":0,"_bbp_anonymous_reply_count":0,"_bbp_topic_count_hidden":0,"_bbp_reply_count_hidden":0,"_bbp_forum_subforum_count":0,"_uag_custom_page_level_css":"","footnotes":""},"class_list":["post-144","page","type-page","status-publish","hentry"],"uagb_featured_image_src":{"full":false,"thumbnail":false,"medium":false,"medium_large":false,"large":false,"1536x1536":false,"2048x2048":false,"trp-custom-language-flag":false,"woocommerce_thumbnail":false,"woocommerce_single":false,"woocommerce_gallery_thumbnail":false},"uagb_author_info":{"display_name":"Dariela Licona","author_link":"https:\/\/contactcenterccs.hn\/en\/author\/dariela-licona\/"},"uagb_comment_info":0,"uagb_excerpt":"Somos Contact Center Services CCS es un outsourcing, l\u00edder en manejo de contact center con sede en Tegucigalpa. nuestra misi\u00f3n es ser un referente nacional e internacional en nuestra \u00e1rea,ser el aliado perfecto para nuestros socios estrat\u00e9gicos mediante soluciones innovadoras. Lo que nos distingue es nuestro enfoque innovador, tecnolog\u00eda de vanguardia y un equipo de&hellip;","_links":{"self":[{"href":"https:\/\/contactcenterccs.hn\/en\/wp-json\/wp\/v2\/pages\/144","targetHints":{"allow":["GET"]}}],"collection":[{"href":"https:\/\/contactcenterccs.hn\/en\/wp-json\/wp\/v2\/pages"}],"about":[{"href":"https:\/\/contactcenterccs.hn\/en\/wp-json\/wp\/v2\/types\/page"}],"author":[{"embeddable":true,"href":"https:\/\/contactcenterccs.hn\/en\/wp-json\/wp\/v2\/users\/2"}],"replies":[{"embeddable":true,"href":"https:\/\/contactcenterccs.hn\/en\/wp-json\/wp\/v2\/comments?post=144"}],"version-history":[{"count":31,"href":"https:\/\/contactcenterccs.hn\/en\/wp-json\/wp\/v2\/pages\/144\/revisions"}],"predecessor-version":[{"id":2536,"href":"https:\/\/contactcenterccs.hn\/en\/wp-json\/wp\/v2\/pages\/144\/revisions\/2536"}],"wp:attachment":[{"href":"https:\/\/contactcenterccs.hn\/en\/wp-json\/wp\/v2\/media?parent=144"}],"curies":[{"name":"wp","href":"https:\/\/api.w.org\/{rel}","templated":true}]}}